{"id":26388,"date":"2023-08-06T19:18:39","date_gmt":"2023-08-06T19:18:39","guid":{"rendered":"https:\/\/www.koebo-eco.com\/societe\/news\/"},"modified":"2026-01-05T23:37:27","modified_gmt":"2026-01-05T23:37:27","slug":"news","status":"publish","type":"page","link":"https:\/\/www.koebo-eco.com\/fr\/societe\/news\/","title":{"rendered":"News"},"content":{"rendered":"\t\t<div data-elementor-type=\"wp-page\" data-elementor-id=\"26388\" class=\"elementor elementor-26388 elementor-5019\" data-elementor-post-type=\"page\">\n\t\t\t\t<div class=\"elementor-element elementor-element-608a906c e-con-full e-flex e-con e-parent\" data-id=\"608a906c\" data-element_type=\"container\" data-e-type=\"container\" data-settings=\"{&quot;background_background&quot;:&quot;classic&quot;}\">\n\t\t\t\t<\/div>\n\t\t<div class=\"elementor-element elementor-element-667a39f4 e-con-full e-flex e-con e-parent\" data-id=\"667a39f4\" data-element_type=\"container\" data-e-type=\"container\" data-settings=\"{&quot;background_background&quot;:&quot;classic&quot;}\">\n\t\t<div class=\"elementor-element elementor-element-338b4d1d e-con-full e-flex e-con e-child\" data-id=\"338b4d1d\" data-element_type=\"container\" data-e-type=\"container\">\n\t\t<div class=\"elementor-element elementor-element-1f8b3a7 e-con-full e-flex e-con e-child\" data-id=\"1f8b3a7\" data-element_type=\"container\" data-e-type=\"container\">\n\t\t<div class=\"elementor-element elementor-element-3c3c8bda e-con-full e-flex e-con e-child\" data-id=\"3c3c8bda\" data-element_type=\"container\" data-e-type=\"container\">\n\t\t\t\t<div class=\"elementor-element elementor-element-40ab3011 elementor-widget__width-initial elementor-widget-tablet__width-inherit elementor-widget elementor-widget-heading\" data-id=\"40ab3011\" data-element_type=\"widget\" data-e-type=\"widget\" data-widget_type=\"heading.default\">\n\t\t\t\t<div class=\"elementor-widget-container\">\n\t\t\t\t\t<h2 class=\"elementor-heading-title elementor-size-default\">Restez inform\u00e9<\/h2>\t\t\t\t<\/div>\n\t\t\t\t<\/div>\n\t\t\t\t<div class=\"elementor-element elementor-element-52507c3c elementor-widget__width-initial elementor-widget-tablet__width-inherit elementor-widget elementor-widget-heading\" data-id=\"52507c3c\" data-element_type=\"widget\" data-e-type=\"widget\" data-widget_type=\"heading.default\">\n\t\t\t\t<div class=\"elementor-widget-container\">\n\t\t\t\t\t<h2 class=\"elementor-heading-title elementor-size-default\"> K\u00d6BO ECO<span style=\"color: #e4003a\">&gt;<\/span>PROCESS NEWS<\/h2>\t\t\t\t<\/div>\n\t\t\t\t<\/div>\n\t\t\t\t<\/div>\n\t\t\t\t<\/div>\n\t\t\t\t<\/div>\n\t\t\t\t<div class=\"elementor-element elementor-element-dd480d1 elementor-widget-divider--view-line elementor-widget elementor-widget-divider\" data-id=\"dd480d1\" data-element_type=\"widget\" data-e-type=\"widget\" data-widget_type=\"divider.default\">\n\t\t\t\t<div class=\"elementor-widget-container\">\n\t\t\t\t\t\t\t<div class=\"elementor-divider\">\n\t\t\t<span class=\"elementor-divider-separator\">\n\t\t\t\t\t\t<\/span>\n\t\t<\/div>\n\t\t\t\t\t\t<\/div>\n\t\t\t\t<\/div>\n\t\t\t\t<\/div>\n\t\t<div class=\"elementor-element elementor-element-608778d6 e-con-full e-flex e-con e-parent\" data-id=\"608778d6\" data-element_type=\"container\" data-e-type=\"container\">\n\t\t\t\t<div class=\"elementor-element elementor-element-4311432d elementor-posts__hover-none elementor-grid-3 elementor-grid-tablet-2 elementor-grid-mobile-1 elementor-posts--thumbnail-top elementor-widget elementor-widget-posts\" data-id=\"4311432d\" data-element_type=\"widget\" data-e-type=\"widget\" data-settings=\"{&quot;cards_row_gap&quot;:{&quot;unit&quot;:&quot;px&quot;,&quot;size&quot;:0,&quot;sizes&quot;:[]},&quot;cards_row_gap_tablet&quot;:{&quot;unit&quot;:&quot;px&quot;,&quot;size&quot;:71,&quot;sizes&quot;:[]},&quot;cards_row_gap_mobile&quot;:{&quot;unit&quot;:&quot;px&quot;,&quot;size&quot;:30,&quot;sizes&quot;:[]},&quot;cards_masonry&quot;:&quot;yes&quot;,&quot;cards_columns&quot;:&quot;3&quot;,&quot;cards_columns_tablet&quot;:&quot;2&quot;,&quot;cards_columns_mobile&quot;:&quot;1&quot;}\" data-widget_type=\"posts.cards\">\n\t\t\t\t<div class=\"elementor-widget-container\">\n\t\t\t\t\t\t\t<div class=\"elementor-posts-container elementor-posts elementor-posts--skin-cards elementor-grid\" role=\"list\">\n\t\t\t\t<article class=\"elementor-post elementor-grid-item post-26294 post type-post status-publish format-standard has-post-thumbnail hentry category-news entry\" role=\"listitem\">\n\t\t\t<div class=\"elementor-post__card\">\n\t\t\t\t<a class=\"elementor-post__thumbnail__link\" href=\"https:\/\/www.koebo-eco.com\/fr\/systeme-de-gestion-durable-de-lenvironnement\/\" tabindex=\"-1\"><div class=\"elementor-post__thumbnail\"><img fetchpriority=\"high\" decoding=\"async\" width=\"750\" height=\"422\" src=\"https:\/\/www.koebo-eco.com\/wp-content\/uploads\/2024\/03\/nachhaltiges-umweltmanagementsystem-768x432.webp\" class=\"attachment-medium_large size-medium_large wp-image-26297\" alt=\"Nachhaltiges Umweltmanagementsystem - Zertifizierung nach DIN ISO 14001\" srcset=\"https:\/\/www.koebo-eco.com\/wp-content\/uploads\/2024\/03\/nachhaltiges-umweltmanagementsystem-768x432.webp 768w, https:\/\/www.koebo-eco.com\/wp-content\/uploads\/2024\/03\/nachhaltiges-umweltmanagementsystem-300x169.webp 300w, https:\/\/www.koebo-eco.com\/wp-content\/uploads\/2024\/03\/nachhaltiges-umweltmanagementsystem-1024x576.webp 1024w, https:\/\/www.koebo-eco.com\/wp-content\/uploads\/2024\/03\/nachhaltiges-umweltmanagementsystem-1536x864.webp 1536w, https:\/\/www.koebo-eco.com\/wp-content\/uploads\/2024\/03\/nachhaltiges-umweltmanagementsystem-2048x1152.webp 2048w, https:\/\/www.koebo-eco.com\/wp-content\/uploads\/2024\/03\/nachhaltiges-umweltmanagementsystem-1568x882.webp 1568w\" sizes=\"(max-width: 750px) 100vw, 750px\" style=\"width:100%;height:56.25%;max-width:2560px;\" \/><\/div><\/a>\n\t\t\t\t<div class=\"elementor-post__text\">\n\t\t\t\t<h4 class=\"elementor-post__title\">\n\t\t\t<a href=\"https:\/\/www.koebo-eco.com\/fr\/systeme-de-gestion-durable-de-lenvironnement\/\">\n\t\t\t\tSyst\u00e8me de gestion durable de l&rsquo;environnement\t\t\t<\/a>\n\t\t<\/h4>\n\t\t\t\t<div class=\"elementor-post__excerpt\">\n\t\t\t<p>Certification selon la norme DIN ISO 14001 Nous sommes heureux d&rsquo;annoncer l&rsquo;obtention r\u00e9ussie du certificat pour un syst\u00e8me de gestion durable de l&rsquo;environnement conform\u00e9ment \u00e0<\/p>\n\t\t<\/div>\n\t\t\n\t\t<a class=\"elementor-post__read-more\" href=\"https:\/\/www.koebo-eco.com\/fr\/systeme-de-gestion-durable-de-lenvironnement\/\" aria-label=\"En savoir plus sur Syst\u00e8me de gestion durable de l&rsquo;environnement\" tabindex=\"-1\">\n\t\t\tsuivant\t\t<\/a>\n\n\t\t\t\t<\/div>\n\t\t\t\t<div class=\"elementor-post__meta-data\">\n\t\t\t\t\t<span class=\"elementor-post-date\">\n\t\t\t10 mars 2024\t\t<\/span>\n\t\t\t\t<\/div>\n\t\t\t\t\t<\/div>\n\t\t<\/article>\n\t\t\t\t<\/div>\n\t\t\n\t\t\t\t\t\t<\/div>\n\t\t\t\t<\/div>\n\t\t\t\t<\/div>\n\t\t\t\t<\/div>\n\t\t","protected":false},"excerpt":{"rendered":"<p>Restez inform\u00e9<\/p>\n","protected":false},"author":1,"featured_media":0,"parent":26100,"menu_order":3,"comment_status":"closed","ping_status":"closed","template":"elementor_header_footer","meta":{"footnotes":""},"folder":[36],"class_list":["post-26388","page","type-page","status-publish","hentry","entry"],"_links":{"self":[{"href":"https:\/\/www.koebo-eco.com\/fr\/wp-json\/wp\/v2\/pages\/26388","targetHints":{"allow":["GET"]}}],"collection":[{"href":"https:\/\/www.koebo-eco.com\/fr\/wp-json\/wp\/v2\/pages"}],"about":[{"href":"https:\/\/www.koebo-eco.com\/fr\/wp-json\/wp\/v2\/types\/page"}],"author":[{"embeddable":true,"href":"https:\/\/www.koebo-eco.com\/fr\/wp-json\/wp\/v2\/users\/1"}],"replies":[{"embeddable":true,"href":"https:\/\/www.koebo-eco.com\/fr\/wp-json\/wp\/v2\/comments?post=26388"}],"version-history":[{"count":1,"href":"https:\/\/www.koebo-eco.com\/fr\/wp-json\/wp\/v2\/pages\/26388\/revisions"}],"predecessor-version":[{"id":26392,"href":"https:\/\/www.koebo-eco.com\/fr\/wp-json\/wp\/v2\/pages\/26388\/revisions\/26392"}],"up":[{"embeddable":true,"href":"https:\/\/www.koebo-eco.com\/fr\/wp-json\/wp\/v2\/pages\/26100"}],"wp:attachment":[{"href":"https:\/\/www.koebo-eco.com\/fr\/wp-json\/wp\/v2\/media?parent=26388"}],"wp:term":[{"taxonomy":"folder","embeddable":true,"href":"https:\/\/www.koebo-eco.com\/fr\/wp-json\/wp\/v2\/folder?post=26388"}],"curies":[{"name":"wp","href":"https:\/\/api.w.org\/{rel}","templated":true}]}}