{"id":26352,"date":"2023-12-20T10:57:56","date_gmt":"2023-12-20T10:57:56","guid":{"rendered":"https:\/\/www.koebo-eco.com\/systeme-de-lancement-dalerte\/"},"modified":"2026-01-05T23:37:22","modified_gmt":"2026-01-05T23:37:22","slug":"systeme-de-lancement-dalerte","status":"publish","type":"page","link":"https:\/\/www.koebo-eco.com\/fr\/systeme-de-lancement-dalerte\/","title":{"rendered":"SYST\u00c8ME DE LANCEMENT D&rsquo;ALERTE"},"content":{"rendered":"\t\t<div data-elementor-type=\"wp-page\" data-elementor-id=\"26352\" class=\"elementor elementor-26352 elementor-8518\" data-elementor-post-type=\"page\">\n\t\t\t\t<div class=\"elementor-element elementor-element-1247cf3e e-con-full e-flex e-con e-parent\" data-id=\"1247cf3e\" data-element_type=\"container\" data-e-type=\"container\" data-settings=\"{&quot;background_background&quot;:&quot;classic&quot;}\">\n\t\t<div class=\"elementor-element elementor-element-a8f01c6 e-con-full e-flex e-con e-child\" data-id=\"a8f01c6\" data-element_type=\"container\" data-e-type=\"container\">\n\t\t<div class=\"elementor-element elementor-element-5ca1f2c7 e-con-full e-flex e-con e-child\" data-id=\"5ca1f2c7\" data-element_type=\"container\" data-e-type=\"container\">\n\t\t\t\t<div class=\"elementor-element elementor-element-246e11be elementor-widget-divider--view-line elementor-widget elementor-widget-divider\" data-id=\"246e11be\" data-element_type=\"widget\" data-e-type=\"widget\" data-widget_type=\"divider.default\">\n\t\t\t\t<div class=\"elementor-widget-container\">\n\t\t\t\t\t\t\t<div class=\"elementor-divider\">\n\t\t\t<span class=\"elementor-divider-separator\">\n\t\t\t\t\t\t<\/span>\n\t\t<\/div>\n\t\t\t\t\t\t<\/div>\n\t\t\t\t<\/div>\n\t\t\t\t<div class=\"elementor-element elementor-element-537c9cc8 elementor-widget__width-initial elementor-widget-tablet__width-inherit elementor-widget elementor-widget-heading\" data-id=\"537c9cc8\" data-element_type=\"widget\" data-e-type=\"widget\" data-widget_type=\"heading.default\">\n\t\t\t\t<div class=\"elementor-widget-container\">\n\t\t\t\t\t<h1 class=\"elementor-heading-title elementor-size-default\">Syst\u00e8me d'alerte<\/h1>\t\t\t\t<\/div>\n\t\t\t\t<\/div>\n\t\t\t\t<div class=\"elementor-element elementor-element-23a0c49b elementor-widget-divider--view-line elementor-widget elementor-widget-divider\" data-id=\"23a0c49b\" data-element_type=\"widget\" data-e-type=\"widget\" data-widget_type=\"divider.default\">\n\t\t\t\t<div class=\"elementor-widget-container\">\n\t\t\t\t\t\t\t<div class=\"elementor-divider\">\n\t\t\t<span class=\"elementor-divider-separator\">\n\t\t\t\t\t\t<\/span>\n\t\t<\/div>\n\t\t\t\t\t\t<\/div>\n\t\t\t\t<\/div>\n\t\t\t\t<div class=\"elementor-element elementor-element-7384ae88 elementor-widget__width-initial elementor-widget-tablet__width-inherit elementor-widget elementor-widget-text-editor\" data-id=\"7384ae88\" data-element_type=\"widget\" data-e-type=\"widget\" data-widget_type=\"text-editor.default\">\n\t\t\t\t<div class=\"elementor-widget-container\">\n\t\t\t\t\t\t\t\t\t<p>La soci\u00e9t\u00e9 K\u00d6BO ECO<span style=\"color: #e4003a;\">&gt;<\/span>PROCESS GmbH offre, gr\u00e2ce \u00e0 son syst\u00e8me d&rsquo;alerte s\u00e9curis\u00e9, la possibilit\u00e9 de signaler des infractions au droit, \u00e0 la loi, aux directives internes et autres r\u00e8glements de K\u00d6BO ECO<span style=\"color: #e4003a;\">&gt;<\/span>PROCESS GmbH (par exemple des actes r\u00e9pr\u00e9hensibles ou des violations de la protection des donn\u00e9es) sous la protection stricte de l&rsquo;identit\u00e9. La criminalit\u00e9 \u00e9conomique et d&rsquo;autres pratiques commerciales contraires \u00e0 la loi sont fortement pr\u00e9judiciables \u00e0 la soci\u00e9t\u00e9 K\u00d6BO ECO<span style=\"color: #e4003a;\">&gt;<\/span>PROCESS GmbH. Votre remarque peut aider \u00e0 d\u00e9celer \u00e0 temps les comportements erron\u00e9s, \u00e0 y mettre fin et \u00e0 \u00e9viter ainsi que la soci\u00e9t\u00e9 K\u00d6BO ECO<span style=\"color: #e4003a;\">&gt;<\/span>PROCESS GmbH et ses collaborateurs n&rsquo;en subissent le pr\u00e9judice. Notre syst\u00e8me interne d&rsquo;alerte est destin\u00e9 \u00e0 vous prot\u00e9ger lorsque vous \u00e9mettez une alerte. Votre identit\u00e9 est prot\u00e9g\u00e9e de mani\u00e8re s\u00e9curis\u00e9e par des proc\u00e9dures sp\u00e9ciales propres \u00e0 la plateforme de lancement d&rsquo;alerte. Les alertes re\u00e7ues sont trait\u00e9es par un service externe et ind\u00e9pendant, dans le respect le plus strict de la confidentialit\u00e9, afin que vous n&rsquo;ayez pas \u00e0 craindre de cons\u00e9quences n\u00e9gatives sur votre lieu de travail. Les alertes doivent \u00eatre lanc\u00e9es en toute bonne foi, la protection de votre identit\u00e9 ne s&rsquo;appliquant que dans la mesure o\u00f9 vous n&rsquo;enfreignez pas vous-m\u00eame la l\u00e9gislation en vigueur. Ne signalez par cons\u00e9quent des irr\u00e9gularit\u00e9s que si vous en avez connaissance ou si vous avez de bonnes raisons de soup\u00e7onner l&rsquo;existence d&rsquo;infractions. Si des alertes sont lanc\u00e9es \u00e0 la l\u00e9g\u00e8re ou si elles sont sciemment fausses, et si des reproches ou des accusations injustifi\u00e9s sont formul\u00e9s, le lanceur d&rsquo;alerte doit lui-m\u00eame s&rsquo;attendre aux cons\u00e9quences correspondantes. Nous encourageons nos collaboratrices et collaborateurs \u00e0 s&rsquo;adresser en toute confiance \u00e0 leurs sup\u00e9rieurs ou \u00e0 notre service d&rsquo;alerte mis en place s&rsquo;ils ont connaissance de risques de conformit\u00e9 ou de violations. De cette mani\u00e8re, nous avons la possibilit\u00e9 de r\u00e9soudre les probl\u00e8mes de mani\u00e8re durable et rapide. Vos donn\u00e9es seront re\u00e7ues et trait\u00e9es par des personnes ind\u00e9pendantes et tenues au secret professionnel, qui prendront ensuite des mesures de suivi appropri\u00e9es.<\/p><p><b>Direction g\u00e9n\u00e9rale de la soci\u00e9t\u00e9 K\u00d6BO ECO<span style=\"color: #e4003a;\">&gt;<\/span>PROCESS GmbH<\/b><\/p><div id=\"c298\" class=\"frame frame-default frame-type-text frame-layout-0\"> <\/div>\t\t\t\t\t\t\t\t<\/div>\n\t\t\t\t<\/div>\n\t\t\t\t<div class=\"elementor-element elementor-element-6f2b1a5 elementor-position-inline-start elementor-widget__width-initial elementor-view-default elementor-mobile-position-block-start elementor-widget elementor-widget-icon-box\" data-id=\"6f2b1a5\" data-element_type=\"widget\" data-e-type=\"widget\" data-widget_type=\"icon-box.default\">\n\t\t\t\t<div class=\"elementor-widget-container\">\n\t\t\t\t\t\t\t<div class=\"elementor-icon-box-wrapper\">\n\n\t\t\t\t\t\t<div class=\"elementor-icon-box-icon\">\n\t\t\t\t<a href=\"https:\/\/adpart.wst-whistleblowing.de\/\" target=\"_blank\" class=\"elementor-icon\" tabindex=\"-1\" aria-label=\"Syst\u00e8me de lancement d&#039;alerte du groupe AD-PART\" rel=\"noopener\">\n\t\t\t\t<i aria-hidden=\"true\" class=\"fas fa-arrow-circle-right\"><\/i>\t\t\t\t<\/a>\n\t\t\t<\/div>\n\t\t\t\n\t\t\t\t\t\t<div class=\"elementor-icon-box-content\">\n\n\t\t\t\t\t\t\t\t\t<h3 class=\"elementor-icon-box-title\">\n\t\t\t\t\t\t<a href=\"https:\/\/adpart.wst-whistleblowing.de\/\" target=\"_blank\" rel=\"noopener\">\n\t\t\t\t\t\t\tSyst\u00e8me de lancement d'alerte du groupe AD-PART\t\t\t\t\t\t<\/a>\n\t\t\t\t\t<\/h3>\n\t\t\t\t\n\t\t\t\t\t\t\t\t\t<p class=\"elementor-icon-box-description\">\n\t\t\t\t\t\tCliquez ici\t\t\t\t\t<\/p>\n\t\t\t\t\n\t\t\t<\/div>\n\t\t\t\n\t\t<\/div>\n\t\t\t\t\t\t<\/div>\n\t\t\t\t<\/div>\n\t\t\t\t<\/div>\n\t\t\t\t<\/div>\n\t\t\t\t<\/div>\n\t\t\t\t<\/div>\n\t\t","protected":false},"excerpt":{"rendered":"<p>Syst\u00e8me d&rsquo;alerte La soci\u00e9t\u00e9 K\u00d6BO ECO&gt;PROCESS GmbH offre, gr\u00e2ce \u00e0 son syst\u00e8me d&rsquo;alerte s\u00e9curis\u00e9, la possibilit\u00e9 de signaler des infractions au droit, \u00e0 la loi, aux directives internes et autres r\u00e8glements de K\u00d6BO ECO&gt;PROCESS GmbH (par exemple des actes r\u00e9pr\u00e9hensibles ou des violations de la protection des donn\u00e9es) sous la protection stricte de l&rsquo;identit\u00e9. La&hellip; <a class=\"more-link\" href=\"https:\/\/www.koebo-eco.com\/fr\/systeme-de-lancement-dalerte\/\">Poursuivre la lecture <span class=\"screen-reader-text\">SYST\u00c8ME DE LANCEMENT D&rsquo;ALERTE<\/span><\/a><\/p>\n","protected":false},"author":2,"featured_media":0,"parent":0,"menu_order":11,"comment_status":"closed","ping_status":"closed","template":"elementor_header_footer","meta":{"footnotes":""},"folder":[36],"class_list":["post-26352","page","type-page","status-publish","hentry","entry"],"_links":{"self":[{"href":"https:\/\/www.koebo-eco.com\/fr\/wp-json\/wp\/v2\/pages\/26352","targetHints":{"allow":["GET"]}}],"collection":[{"href":"https:\/\/www.koebo-eco.com\/fr\/wp-json\/wp\/v2\/pages"}],"about":[{"href":"https:\/\/www.koebo-eco.com\/fr\/wp-json\/wp\/v2\/types\/page"}],"author":[{"embeddable":true,"href":"https:\/\/www.koebo-eco.com\/fr\/wp-json\/wp\/v2\/users\/2"}],"replies":[{"embeddable":true,"href":"https:\/\/www.koebo-eco.com\/fr\/wp-json\/wp\/v2\/comments?post=26352"}],"version-history":[{"count":1,"href":"https:\/\/www.koebo-eco.com\/fr\/wp-json\/wp\/v2\/pages\/26352\/revisions"}],"predecessor-version":[{"id":26361,"href":"https:\/\/www.koebo-eco.com\/fr\/wp-json\/wp\/v2\/pages\/26352\/revisions\/26361"}],"wp:attachment":[{"href":"https:\/\/www.koebo-eco.com\/fr\/wp-json\/wp\/v2\/media?parent=26352"}],"wp:term":[{"taxonomy":"folder","embeddable":true,"href":"https:\/\/www.koebo-eco.com\/fr\/wp-json\/wp\/v2\/folder?post=26352"}],"curies":[{"name":"wp","href":"https:\/\/api.w.org\/{rel}","templated":true}]}}