{"id":26158,"date":"2024-02-04T18:04:07","date_gmt":"2024-02-04T18:04:07","guid":{"rendered":"https:\/\/www.koebo-eco.com\/societe\/references\/"},"modified":"2026-01-16T15:15:36","modified_gmt":"2026-01-16T15:15:36","slug":"references","status":"publish","type":"page","link":"https:\/\/www.koebo-eco.com\/fr\/societe\/references\/","title":{"rendered":"R\u00e9f\u00e9rences"},"content":{"rendered":"\t\t<div data-elementor-type=\"wp-page\" data-elementor-id=\"26158\" class=\"elementor elementor-26158 elementor-9852\" data-elementor-post-type=\"page\">\n\t\t\t\t<div class=\"elementor-element elementor-element-608a906c e-con-full e-flex e-con e-parent\" data-id=\"608a906c\" data-element_type=\"container\" data-e-type=\"container\" data-settings=\"{&quot;background_background&quot;:&quot;classic&quot;}\">\n\t\t\t\t<\/div>\n\t\t<div class=\"elementor-element elementor-element-667a39f4 e-flex e-con-boxed e-con e-parent\" data-id=\"667a39f4\" data-element_type=\"container\" data-e-type=\"container\" data-settings=\"{&quot;background_background&quot;:&quot;classic&quot;}\">\n\t\t\t\t\t<div class=\"e-con-inner\">\n\t\t<div class=\"elementor-element elementor-element-338b4d1d e-con-full e-flex e-con e-child\" data-id=\"338b4d1d\" data-element_type=\"container\" data-e-type=\"container\">\n\t\t<div class=\"elementor-element elementor-element-1f8b3a7 e-con-full e-flex e-con e-child\" data-id=\"1f8b3a7\" data-element_type=\"container\" data-e-type=\"container\">\n\t\t<div class=\"elementor-element elementor-element-3c3c8bda e-con-full e-flex e-con e-child\" data-id=\"3c3c8bda\" data-element_type=\"container\" data-e-type=\"container\">\n\t\t\t\t<div class=\"elementor-element elementor-element-40ab3011 elementor-widget__width-initial elementor-widget-tablet__width-inherit elementor-widget elementor-widget-heading\" data-id=\"40ab3011\" data-element_type=\"widget\" data-e-type=\"widget\" data-widget_type=\"heading.default\">\n\t\t\t\t<div class=\"elementor-widget-container\">\n\t\t\t\t\t<h2 class=\"elementor-heading-title elementor-size-default\">Extrait de nos nombreux projets r\u00e9alis\u00e9s<\/h2>\t\t\t\t<\/div>\n\t\t\t\t<\/div>\n\t\t\t\t<div class=\"elementor-element elementor-element-52507c3c elementor-widget__width-initial elementor-widget-tablet__width-inherit elementor-widget elementor-widget-heading\" data-id=\"52507c3c\" data-element_type=\"widget\" data-e-type=\"widget\" data-widget_type=\"heading.default\">\n\t\t\t\t<div class=\"elementor-widget-container\">\n\t\t\t\t\t<h1 class=\"elementor-heading-title elementor-size-default\">R\u00c9F\u00c9RENCES DE K\u00d6BO ECO&gt;PROCESS GmbH  <\/h1>\t\t\t\t<\/div>\n\t\t\t\t<\/div>\n\t\t\t\t<\/div>\n\t\t\t\t<\/div>\n\t\t\t\t<\/div>\n\t\t\t\t<div class=\"elementor-element elementor-element-dd480d1 elementor-widget-divider--view-line elementor-widget elementor-widget-divider\" data-id=\"dd480d1\" data-element_type=\"widget\" data-e-type=\"widget\" data-widget_type=\"divider.default\">\n\t\t\t\t<div class=\"elementor-widget-container\">\n\t\t\t\t\t\t\t<div class=\"elementor-divider\">\n\t\t\t<span class=\"elementor-divider-separator\">\n\t\t\t\t\t\t<\/span>\n\t\t<\/div>\n\t\t\t\t\t\t<\/div>\n\t\t\t\t<\/div>\n\t\t\t\t\t<\/div>\n\t\t\t\t<\/div>\n\t\t<div class=\"elementor-element elementor-element-608778d6 e-flex e-con-boxed e-con e-parent\" data-id=\"608778d6\" data-element_type=\"container\" data-e-type=\"container\">\n\t\t\t\t\t<div class=\"e-con-inner\">\n\t\t\t\t<div class=\"elementor-element elementor-element-4311432d elementor-posts__hover-none elementor-grid-tablet-1 elementor-grid-3 elementor-grid-mobile-1 elementor-posts--thumbnail-top elementor-widget elementor-widget-posts\" data-id=\"4311432d\" data-element_type=\"widget\" data-e-type=\"widget\" data-settings=\"{&quot;cards_row_gap&quot;:{&quot;unit&quot;:&quot;px&quot;,&quot;size&quot;:30,&quot;sizes&quot;:[]},&quot;cards_row_gap_tablet&quot;:{&quot;unit&quot;:&quot;px&quot;,&quot;size&quot;:70,&quot;sizes&quot;:[]},&quot;cards_row_gap_mobile&quot;:{&quot;unit&quot;:&quot;px&quot;,&quot;size&quot;:50,&quot;sizes&quot;:[]},&quot;cards_masonry&quot;:&quot;yes&quot;,&quot;cards_columns_tablet&quot;:&quot;1&quot;,&quot;cards_columns&quot;:&quot;3&quot;,&quot;cards_columns_mobile&quot;:&quot;1&quot;}\" data-widget_type=\"posts.cards\">\n\t\t\t\t<div class=\"elementor-widget-container\">\n\t\t\t\t\t\t\t<div class=\"elementor-posts-container elementor-posts elementor-posts--skin-cards elementor-grid\" role=\"list\">\n\t\t\t\t<article class=\"elementor-post elementor-grid-item post-26247 post type-post status-publish format-standard has-post-thumbnail hentry category-references entry\" role=\"listitem\">\n\t\t\t<div class=\"elementor-post__card\">\n\t\t\t\t<a class=\"elementor-post__thumbnail__link\" href=\"https:\/\/www.koebo-eco.com\/fr\/elimination-des-dechets-destampage-pour-les-toles-daluminium-ou-dacier\/\" tabindex=\"-1\" ><div class=\"elementor-post__thumbnail\"><img fetchpriority=\"high\" decoding=\"async\" width=\"750\" height=\"421\" src=\"https:\/\/www.koebo-eco.com\/wp-content\/uploads\/2025\/08\/IMG_0261-scaled-e1754998811816-768x431.webp\" class=\"attachment-medium_large size-medium_large wp-image-26254\" alt=\"\" srcset=\"https:\/\/www.koebo-eco.com\/wp-content\/uploads\/2025\/08\/IMG_0261-scaled-e1754998811816-768x431.webp 768w, https:\/\/www.koebo-eco.com\/wp-content\/uploads\/2025\/08\/IMG_0261-scaled-e1754998811816-300x169.webp 300w, https:\/\/www.koebo-eco.com\/wp-content\/uploads\/2025\/08\/IMG_0261-scaled-e1754998811816-1024x575.webp 1024w, https:\/\/www.koebo-eco.com\/wp-content\/uploads\/2025\/08\/IMG_0261-scaled-e1754998811816-1536x863.webp 1536w, https:\/\/www.koebo-eco.com\/wp-content\/uploads\/2025\/08\/IMG_0261-scaled-e1754998811816-2048x1150.webp 2048w, https:\/\/www.koebo-eco.com\/wp-content\/uploads\/2025\/08\/IMG_0261-scaled-e1754998811816-1568x881.webp 1568w\" sizes=\"(max-width: 750px) 100vw, 750px\" style=\"width:100%;height:56.17%;max-width:2560px;\" \/><\/div><\/a>\n\t\t\t\t<div class=\"elementor-post__text\">\n\t\t\t\t<h4 class=\"elementor-post__title\">\n\t\t\t<a href=\"https:\/\/www.koebo-eco.com\/fr\/elimination-des-dechets-destampage-pour-les-toles-daluminium-ou-dacier\/\" >\n\t\t\t\t\u00c9limination des d\u00e9chets d&rsquo;estampage pour les t\u00f4les d&rsquo;aluminium ou d&rsquo;acier\t\t\t<\/a>\n\t\t<\/h4>\n\t\t\t\t<div class=\"elementor-post__excerpt\">\n\t\t\t<p>L&rsquo;enl\u00e8vement et le transport des d\u00e9chets d&rsquo;estampage d&rsquo;aluminium issus des op\u00e9rations de pressage n\u00e9cessitent une technique de convoyage robuste, flexible et performante.<\/p>\t\t<\/div>\n\t\t\n\t\t<a class=\"elementor-post__read-more\" href=\"https:\/\/www.koebo-eco.com\/fr\/elimination-des-dechets-destampage-pour-les-toles-daluminium-ou-dacier\/\" aria-label=\"En savoir plus sur \u00c9limination des d\u00e9chets d&rsquo;estampage pour les t\u00f4les d&rsquo;aluminium ou d&rsquo;acier\" tabindex=\"-1\" >\n\t\t\tcontinuer\t\t<\/a>\n\n\t\t\t\t<\/div>\n\t\t\t\t<div class=\"elementor-post__meta-data\">\n\t\t\t\t\t<span class=\"elementor-post-date\">\n\t\t\t12 ao\u00fbt 2025\t\t<\/span>\n\t\t\t\t<\/div>\n\t\t\t\t\t<\/div>\n\t\t<\/article>\n\t\t\t\t<article class=\"elementor-post elementor-grid-item post-26260 post type-post status-publish format-standard has-post-thumbnail hentry category-references entry\" role=\"listitem\">\n\t\t\t<div class=\"elementor-post__card\">\n\t\t\t\t<a class=\"elementor-post__thumbnail__link\" href=\"https:\/\/www.koebo-eco.com\/fr\/systeme-convoyeur-a-bande-articulee-pour-levacuation-des-copeaux\/\" tabindex=\"-1\" ><div class=\"elementor-post__thumbnail\"><img decoding=\"async\" width=\"750\" height=\"421\" src=\"https:\/\/www.koebo-eco.com\/wp-content\/uploads\/2025\/05\/WMSY9806-e1747127131116-768x431.webp\" class=\"attachment-medium_large size-medium_large wp-image-26266\" alt=\"\" srcset=\"https:\/\/www.koebo-eco.com\/wp-content\/uploads\/2025\/05\/WMSY9806-e1747127131116-768x431.webp 768w, https:\/\/www.koebo-eco.com\/wp-content\/uploads\/2025\/05\/WMSY9806-e1747127131116-300x168.webp 300w, https:\/\/www.koebo-eco.com\/wp-content\/uploads\/2025\/05\/WMSY9806-e1747127131116.webp 932w\" sizes=\"(max-width: 750px) 100vw, 750px\" style=\"width:100%;height:56.12%;max-width:932px;\" \/><\/div><\/a>\n\t\t\t\t<div class=\"elementor-post__text\">\n\t\t\t\t<h4 class=\"elementor-post__title\">\n\t\t\t<a href=\"https:\/\/www.koebo-eco.com\/fr\/systeme-convoyeur-a-bande-articulee-pour-levacuation-des-copeaux\/\" >\n\t\t\t\tSyst\u00e8me convoyeur \u00e0 bande articul\u00e9e pour l&rsquo;\u00e9vacuation des copeaux\t\t\t<\/a>\n\t\t<\/h4>\n\t\t\t\t<div class=\"elementor-post__excerpt\">\n\t\t\t<p>Pour relever les d\u00e9fis pos\u00e9s par le transport de copeaux d&rsquo;acier provenant de machines d&rsquo;\u00e9cro\u00fbtage, nous avons d\u00e9velopp\u00e9 un syst\u00e8me de transport \u00e0 bande articul\u00e9e\t\t<\/div>\n\t\t\n\t\t<a class=\"elementor-post__read-more\" href=\"https:\/\/www.koebo-eco.com\/fr\/systeme-convoyeur-a-bande-articulee-pour-levacuation-des-copeaux\/\" aria-label=\"En savoir plus sur Syst\u00e8me convoyeur \u00e0 bande articul\u00e9e pour l&rsquo;\u00e9vacuation des copeaux\" tabindex=\"-1\" >\n\t\t\tcontinuer\t\t<\/a>\n\n\t\t\t\t<\/div>\n\t\t\t\t<div class=\"elementor-post__meta-data\">\n\t\t\t\t\t<span class=\"elementor-post-date\">\n\t\t\t13 mai 2025\t\t<\/span>\n\t\t\t\t<\/div>\n\t\t\t\t\t<\/div>\n\t\t<\/article>\n\t\t\t\t<article class=\"elementor-post elementor-grid-item post-26274 post type-post status-publish format-standard has-post-thumbnail hentry category-references entry\" role=\"listitem\">\n\t\t\t<div class=\"elementor-post__card\">\n\t\t\t\t<a class=\"elementor-post__thumbnail__link\" href=\"https:\/\/www.koebo-eco.com\/fr\/systeme-de-convoyage-a-bande-articulee-pour-le-transport-des-dechets-de-decoupage\/\" tabindex=\"-1\" ><div class=\"elementor-post__thumbnail\"><img decoding=\"async\" width=\"750\" height=\"422\" src=\"https:\/\/www.koebo-eco.com\/wp-content\/uploads\/2025\/02\/Scharnierbandfoerdersystem-768x432.webp\" class=\"attachment-medium_large size-medium_large wp-image-26280\" alt=\"Scharnierbandf\u00f6rderer Anwendung\" srcset=\"https:\/\/www.koebo-eco.com\/wp-content\/uploads\/2025\/02\/Scharnierbandfoerdersystem-768x432.webp 768w, https:\/\/www.koebo-eco.com\/wp-content\/uploads\/2025\/02\/Scharnierbandfoerdersystem-300x169.webp 300w, https:\/\/www.koebo-eco.com\/wp-content\/uploads\/2025\/02\/Scharnierbandfoerdersystem-1024x576.webp 1024w, https:\/\/www.koebo-eco.com\/wp-content\/uploads\/2025\/02\/Scharnierbandfoerdersystem-1536x864.webp 1536w, https:\/\/www.koebo-eco.com\/wp-content\/uploads\/2025\/02\/Scharnierbandfoerdersystem-2048x1152.webp 2048w, https:\/\/www.koebo-eco.com\/wp-content\/uploads\/2025\/02\/Scharnierbandfoerdersystem-1568x882.webp 1568w\" sizes=\"(max-width: 750px) 100vw, 750px\" style=\"width:100%;height:56.25%;max-width:2560px;\" \/><\/div><\/a>\n\t\t\t\t<div class=\"elementor-post__text\">\n\t\t\t\t<h4 class=\"elementor-post__title\">\n\t\t\t<a href=\"https:\/\/www.koebo-eco.com\/fr\/systeme-de-convoyage-a-bande-articulee-pour-le-transport-des-dechets-de-decoupage\/\" >\n\t\t\t\tSyst\u00e8me de convoyage \u00e0 bande articul\u00e9e pour le transport des d\u00e9chets de d\u00e9coupage\t\t\t<\/a>\n\t\t<\/h4>\n\t\t\t\t<div class=\"elementor-post__excerpt\">\n\t\t\t<p>Pour transporter efficacement de grandes quantit\u00e9s de d\u00e9chets d&rsquo;estampage, nous avons con\u00e7u un syst\u00e8me convoyeur \u00e0 bande articul\u00e9e sp\u00e9cialement adapt\u00e9 \u00e0 une utilisation dans le\t\t<\/div>\n\t\t\n\t\t<a class=\"elementor-post__read-more\" href=\"https:\/\/www.koebo-eco.com\/fr\/systeme-de-convoyage-a-bande-articulee-pour-le-transport-des-dechets-de-decoupage\/\" aria-label=\"En savoir plus sur Syst\u00e8me de convoyage \u00e0 bande articul\u00e9e pour le transport des d\u00e9chets de d\u00e9coupage\" tabindex=\"-1\" >\n\t\t\tcontinuer\t\t<\/a>\n\n\t\t\t\t<\/div>\n\t\t\t\t<div class=\"elementor-post__meta-data\">\n\t\t\t\t\t<span class=\"elementor-post-date\">\n\t\t\t27 f\u00e9vrier 2025\t\t<\/span>\n\t\t\t\t<\/div>\n\t\t\t\t\t<\/div>\n\t\t<\/article>\n\t\t\t\t<\/div>\n\t\t\n\t\t\t\t\t\t<\/div>\n\t\t\t\t<\/div>\n\t\t\t\t\t<\/div>\n\t\t\t\t<\/div>\n\t\t\t\t<\/div>\n\t\t","protected":false},"excerpt":{"rendered":"<p>Extrait de nos nombreux projets r\u00e9alis\u00e9s R\u00c9F\u00c9RENCES DE K\u00d6BO ECO&gt;PROCESS GmbH<\/p>\n","protected":false},"author":2,"featured_media":0,"parent":26100,"menu_order":4,"comment_status":"closed","ping_status":"closed","template":"elementor_header_footer","meta":{"footnotes":""},"folder":[36],"class_list":["post-26158","page","type-page","status-publish","hentry","entry"],"_links":{"self":[{"href":"https:\/\/www.koebo-eco.com\/fr\/wp-json\/wp\/v2\/pages\/26158","targetHints":{"allow":["GET"]}}],"collection":[{"href":"https:\/\/www.koebo-eco.com\/fr\/wp-json\/wp\/v2\/pages"}],"about":[{"href":"https:\/\/www.koebo-eco.com\/fr\/wp-json\/wp\/v2\/types\/page"}],"author":[{"embeddable":true,"href":"https:\/\/www.koebo-eco.com\/fr\/wp-json\/wp\/v2\/users\/2"}],"replies":[{"embeddable":true,"href":"https:\/\/www.koebo-eco.com\/fr\/wp-json\/wp\/v2\/comments?post=26158"}],"version-history":[{"count":1,"href":"https:\/\/www.koebo-eco.com\/fr\/wp-json\/wp\/v2\/pages\/26158\/revisions"}],"predecessor-version":[{"id":26159,"href":"https:\/\/www.koebo-eco.com\/fr\/wp-json\/wp\/v2\/pages\/26158\/revisions\/26159"}],"up":[{"embeddable":true,"href":"https:\/\/www.koebo-eco.com\/fr\/wp-json\/wp\/v2\/pages\/26100"}],"wp:attachment":[{"href":"https:\/\/www.koebo-eco.com\/fr\/wp-json\/wp\/v2\/media?parent=26158"}],"wp:term":[{"taxonomy":"folder","embeddable":true,"href":"https:\/\/www.koebo-eco.com\/fr\/wp-json\/wp\/v2\/folder?post=26158"}],"curies":[{"name":"wp","href":"https:\/\/api.w.org\/{rel}","templated":true}]}}