{"id":26144,"date":"2024-10-21T19:15:53","date_gmt":"2024-10-21T19:15:53","guid":{"rendered":"https:\/\/www.koebo-eco.com\/societe\/brochures-depliants\/"},"modified":"2026-01-16T15:15:15","modified_gmt":"2026-01-16T15:15:15","slug":"brochures-depliants","status":"publish","type":"page","link":"https:\/\/www.koebo-eco.com\/fr\/societe\/brochures-depliants\/","title":{"rendered":"Brochures &amp; d\u00e9pliants"},"content":{"rendered":"\t\t<div data-elementor-type=\"wp-page\" data-elementor-id=\"26144\" class=\"elementor elementor-26144 elementor-18868\" data-elementor-post-type=\"page\">\n\t\t\t\t<div class=\"elementor-element elementor-element-608a906c e-con-full e-flex e-con e-parent\" data-id=\"608a906c\" data-element_type=\"container\" data-e-type=\"container\" data-settings=\"{&quot;background_background&quot;:&quot;classic&quot;}\">\n\t\t\t\t<\/div>\n\t\t<div class=\"elementor-element elementor-element-667a39f4 e-con-full e-flex e-con e-parent\" data-id=\"667a39f4\" data-element_type=\"container\" data-e-type=\"container\" data-settings=\"{&quot;background_background&quot;:&quot;classic&quot;}\">\n\t\t<div class=\"elementor-element elementor-element-338b4d1d e-con-full e-flex e-con e-child\" data-id=\"338b4d1d\" data-element_type=\"container\" data-e-type=\"container\">\n\t\t<div class=\"elementor-element elementor-element-1f8b3a7 e-con-full e-flex e-con e-child\" data-id=\"1f8b3a7\" data-element_type=\"container\" data-e-type=\"container\">\n\t\t<div class=\"elementor-element elementor-element-3c3c8bda e-con-full e-flex e-con e-child\" data-id=\"3c3c8bda\" data-element_type=\"container\" data-e-type=\"container\">\n\t\t\t\t<div class=\"elementor-element elementor-element-40ab3011 elementor-widget__width-initial elementor-widget-tablet__width-inherit elementor-widget elementor-widget-heading\" data-id=\"40ab3011\" data-element_type=\"widget\" data-e-type=\"widget\" data-widget_type=\"heading.default\">\n\t\t\t\t<div class=\"elementor-widget-container\">\n\t\t\t\t\t<h2 class=\"elementor-heading-title elementor-size-default\">Restez inform\u00e9<\/h2>\t\t\t\t<\/div>\n\t\t\t\t<\/div>\n\t\t\t\t<div class=\"elementor-element elementor-element-52507c3c elementor-widget__width-initial elementor-widget-tablet__width-inherit elementor-widget elementor-widget-heading\" data-id=\"52507c3c\" data-element_type=\"widget\" data-e-type=\"widget\" data-widget_type=\"heading.default\">\n\t\t\t\t<div class=\"elementor-widget-container\">\n\t\t\t\t\t<h1 class=\"elementor-heading-title elementor-size-default\">Brochures &amp; d\u00e9pliants<\/h1>\t\t\t\t<\/div>\n\t\t\t\t<\/div>\n\t\t\t\t<\/div>\n\t\t\t\t<\/div>\n\t\t\t\t<div class=\"elementor-element elementor-element-dd480d1 elementor-widget-divider--view-line elementor-widget elementor-widget-divider\" data-id=\"dd480d1\" data-element_type=\"widget\" data-e-type=\"widget\" data-widget_type=\"divider.default\">\n\t\t\t\t<div class=\"elementor-widget-container\">\n\t\t\t\t\t\t\t<div class=\"elementor-divider\">\n\t\t\t<span class=\"elementor-divider-separator\">\n\t\t\t\t\t\t<\/span>\n\t\t<\/div>\n\t\t\t\t\t\t<\/div>\n\t\t\t\t<\/div>\n\t\t\t\t<\/div>\n\t\t\t\t<\/div>\n\t\t<div class=\"elementor-element elementor-element-574ba75 e-flex e-con-boxed e-con e-parent\" data-id=\"574ba75\" data-element_type=\"container\" data-e-type=\"container\">\n\t\t\t\t\t<div class=\"e-con-inner\">\n\t\t<div class=\"elementor-element elementor-element-0799063 e-con-full e-flex e-con e-child\" data-id=\"0799063\" data-element_type=\"container\" data-e-type=\"container\">\n\t\t\t\t<div class=\"elementor-element elementor-element-9f0edb3 elementor-widget elementor-widget-image\" data-id=\"9f0edb3\" data-element_type=\"widget\" data-e-type=\"widget\" data-widget_type=\"image.default\">\n\t\t\t\t<div class=\"elementor-widget-container\">\n\t\t\t\t\t\t\t\t\t\t\t\t\t\t\t\t<a href=\"https:\/\/heyzine.com\/flip-book\/4bbdacf4db.html\" target=\"_blank\" rel=\"noopener\">\n\t\t\t\t\t\t\t<img decoding=\"async\" src=\"https:\/\/www.koebo-eco.com\/wp-content\/uploads\/elementor\/thumbs\/bro_de-qvwa21nuk6yrf8mwkywx3acmsv9r4f4c2jyt8j48io.webp\" title=\"bro_de\" alt=\"bro_de\" loading=\"lazy\" \/>\t\t\t\t\t\t\t\t<\/a>\n\t\t\t\t\t\t\t\t\t\t\t\t\t\t\t<\/div>\n\t\t\t\t<\/div>\n\t\t<a class=\"elementor-element elementor-element-8b4da9f e-con-full e-flex e-con e-child\" data-id=\"8b4da9f\" data-element_type=\"container\" data-e-type=\"container\" href=\"https:\/\/www.koebo-eco.com\/wp-content\/uploads\/2024\/10\/Broschuere12a_de.pdf\" target=\"_blank\">\n\t\t\t\t<div class=\"elementor-element elementor-element-a697aab elementor-widget elementor-widget-image\" data-id=\"a697aab\" data-element_type=\"widget\" data-e-type=\"widget\" data-widget_type=\"image.default\">\n\t\t\t\t<div class=\"elementor-widget-container\">\n\t\t\t\t\t\t\t\t\t\t\t\t\t\t\t<img decoding=\"async\" src=\"https:\/\/www.koebo-eco.com\/wp-content\/uploads\/elementor\/thumbs\/PDF_file_icon-Kopie-qvweaebxla9lw5u5ipo40zrbeynn4155xxkntnhihu.webp\" title=\"PDF_file_icon Kopie\" alt=\"PDF_file_icon Kopie\" loading=\"lazy\" \/>\t\t\t\t\t\t\t\t\t\t\t\t\t\t\t<\/div>\n\t\t\t\t<\/div>\n\t\t\t\t<div class=\"elementor-element elementor-element-0b6c036 elementor-widget elementor-widget-text-editor\" data-id=\"0b6c036\" data-element_type=\"widget\" data-e-type=\"widget\" data-widget_type=\"text-editor.default\">\n\t\t\t\t<div class=\"elementor-widget-container\">\n\t\t\t\t\t\t\t\t\t<h4><strong>T\u00e9l\u00e9charger le PDF<\/strong><\/h4>\t\t\t\t\t\t\t\t<\/div>\n\t\t\t\t<\/div>\n\t\t\t\t<\/a>\n\t\t\t\t<\/div>\n\t\t\t\t\t<\/div>\n\t\t\t\t<\/div>\n\t\t\t\t<\/div>\n\t\t","protected":false},"excerpt":{"rendered":"<p>Restez inform\u00e9 Brochures &amp; d\u00e9pliants T\u00e9l\u00e9charger le PDF<\/p>\n","protected":false},"author":2,"featured_media":0,"parent":26100,"menu_order":3,"comment_status":"closed","ping_status":"closed","template":"elementor_header_footer","meta":{"footnotes":""},"folder":[36],"class_list":["post-26144","page","type-page","status-publish","hentry","entry"],"_links":{"self":[{"href":"https:\/\/www.koebo-eco.com\/fr\/wp-json\/wp\/v2\/pages\/26144","targetHints":{"allow":["GET"]}}],"collection":[{"href":"https:\/\/www.koebo-eco.com\/fr\/wp-json\/wp\/v2\/pages"}],"about":[{"href":"https:\/\/www.koebo-eco.com\/fr\/wp-json\/wp\/v2\/types\/page"}],"author":[{"embeddable":true,"href":"https:\/\/www.koebo-eco.com\/fr\/wp-json\/wp\/v2\/users\/2"}],"replies":[{"embeddable":true,"href":"https:\/\/www.koebo-eco.com\/fr\/wp-json\/wp\/v2\/comments?post=26144"}],"version-history":[{"count":1,"href":"https:\/\/www.koebo-eco.com\/fr\/wp-json\/wp\/v2\/pages\/26144\/revisions"}],"predecessor-version":[{"id":26146,"href":"https:\/\/www.koebo-eco.com\/fr\/wp-json\/wp\/v2\/pages\/26144\/revisions\/26146"}],"up":[{"embeddable":true,"href":"https:\/\/www.koebo-eco.com\/fr\/wp-json\/wp\/v2\/pages\/26100"}],"wp:attachment":[{"href":"https:\/\/www.koebo-eco.com\/fr\/wp-json\/wp\/v2\/media?parent=26144"}],"wp:term":[{"taxonomy":"folder","embeddable":true,"href":"https:\/\/www.koebo-eco.com\/fr\/wp-json\/wp\/v2\/folder?post=26144"}],"curies":[{"name":"wp","href":"https:\/\/api.w.org\/{rel}","templated":true}]}}