{"id":26137,"date":"2023-08-06T10:12:20","date_gmt":"2023-08-06T10:12:20","guid":{"rendered":"https:\/\/www.koebo-eco.com\/societe\/carriere\/"},"modified":"2026-01-16T15:15:07","modified_gmt":"2026-01-16T15:15:07","slug":"carriere","status":"publish","type":"page","link":"https:\/\/www.koebo-eco.com\/fr\/societe\/carriere\/","title":{"rendered":"Carri\u00e8re"},"content":{"rendered":"\t\t<div data-elementor-type=\"wp-page\" data-elementor-id=\"26137\" class=\"elementor elementor-26137 elementor-4872\" data-elementor-post-type=\"page\">\n\t\t\t\t<div class=\"elementor-element elementor-element-608a906c e-con-full e-flex e-con e-parent\" data-id=\"608a906c\" data-element_type=\"container\" data-e-type=\"container\" data-settings=\"{&quot;background_background&quot;:&quot;classic&quot;}\" data-tabattr=\"tabkarriere\">\n\t\t\t\t<\/div>\n\t\t<div class=\"elementor-element elementor-element-667a39f4 e-flex e-con-boxed e-con e-parent\" data-id=\"667a39f4\" data-element_type=\"container\" data-e-type=\"container\" data-settings=\"{&quot;background_background&quot;:&quot;classic&quot;}\">\n\t\t\t\t\t<div class=\"e-con-inner\">\n\t\t<div class=\"elementor-element elementor-element-338b4d1d e-flex e-con-boxed e-con e-child\" data-id=\"338b4d1d\" data-element_type=\"container\" data-e-type=\"container\">\n\t\t\t\t\t<div class=\"e-con-inner\">\n\t\t<div class=\"elementor-element elementor-element-1f8b3a7 e-con-full e-flex e-con e-child\" data-id=\"1f8b3a7\" data-element_type=\"container\" data-e-type=\"container\">\n\t\t<div class=\"elementor-element elementor-element-3c3c8bda e-con-full elementor-hidden-tablet elementor-hidden-mobile e-flex e-con e-child\" data-id=\"3c3c8bda\" data-element_type=\"container\" data-e-type=\"container\">\n\t\t\t\t<div class=\"elementor-element elementor-element-40ab3011 elementor-widget__width-initial elementor-widget-tablet__width-inherit elementor-widget elementor-widget-heading\" data-id=\"40ab3011\" data-element_type=\"widget\" data-e-type=\"widget\" data-widget_type=\"heading.default\">\n\t\t\t\t<div class=\"elementor-widget-container\">\n\t\t\t\t\t<h3 class=\"elementor-heading-title elementor-size-default\">D\u00e9marrez en fl\u00e8che<\/h3>\t\t\t\t<\/div>\n\t\t\t\t<\/div>\n\t\t\t\t<div class=\"elementor-element elementor-element-52507c3c elementor-widget__width-initial elementor-widget-tablet__width-inherit elementor-widget elementor-widget-heading\" data-id=\"52507c3c\" data-element_type=\"widget\" data-e-type=\"widget\" data-widget_type=\"heading.default\">\n\t\t\t\t<div class=\"elementor-widget-container\">\n\t\t\t\t\t<h1 class=\"elementor-heading-title elementor-size-default\">Carri\u00e8re chez K\u00d6BO ECO<span style=\"color: #e4003a\">&gt;<\/span>PROCESS GmbH<\/h1>\t\t\t\t<\/div>\n\t\t\t\t<\/div>\n\t\t\t\t<div class=\"elementor-element elementor-element-5003305 elementor-widget__width-initial elementor-widget-tablet__width-inherit elementor-widget elementor-widget-heading\" data-id=\"5003305\" data-element_type=\"widget\" data-e-type=\"widget\" data-widget_type=\"heading.default\">\n\t\t\t\t<div class=\"elementor-widget-container\">\n\t\t\t\t\t<h2 class=\"elementor-heading-title elementor-size-default\">Nous nous engageons non seulement \u00e0 d\u00e9velopper des technologies d'avant-garde, mais aussi \u00e0 encourager les talents<\/h2>\t\t\t\t<\/div>\n\t\t\t\t<\/div>\n\t\t\t\t<\/div>\n\t\t\t\t<\/div>\n\t\t<div class=\"elementor-element elementor-element-363bb75b e-con-full e-flex e-con e-child\" data-id=\"363bb75b\" data-element_type=\"container\" data-e-type=\"container\">\n\t\t\t\t<div class=\"elementor-element elementor-element-61b0bbf6 elementor-widget-divider--view-line elementor-widget elementor-widget-divider\" data-id=\"61b0bbf6\" data-element_type=\"widget\" data-e-type=\"widget\" data-widget_type=\"divider.default\">\n\t\t\t\t<div class=\"elementor-widget-container\">\n\t\t\t\t\t\t\t<div class=\"elementor-divider\">\n\t\t\t<span class=\"elementor-divider-separator\">\n\t\t\t\t\t\t<\/span>\n\t\t<\/div>\n\t\t\t\t\t\t<\/div>\n\t\t\t\t<\/div>\n\t\t\t\t<div class=\"elementor-element elementor-element-415e27ba elementor-widget__width-initial elementor-widget-tablet__width-inherit elementor-widget elementor-widget-heading\" data-id=\"415e27ba\" data-element_type=\"widget\" data-e-type=\"widget\" data-widget_type=\"heading.default\">\n\t\t\t\t<div class=\"elementor-widget-container\">\n\t\t\t\t\t<h2 class=\"elementor-heading-title elementor-size-default\">Notre ressource la plus pr\u00e9cieuse est notre personnel<\/h2>\t\t\t\t<\/div>\n\t\t\t\t<\/div>\n\t\t\t\t<div class=\"elementor-element elementor-element-7ed19adf elementor-widget-divider--view-line elementor-widget elementor-widget-divider\" data-id=\"7ed19adf\" data-element_type=\"widget\" data-e-type=\"widget\" data-widget_type=\"divider.default\">\n\t\t\t\t<div class=\"elementor-widget-container\">\n\t\t\t\t\t\t\t<div class=\"elementor-divider\">\n\t\t\t<span class=\"elementor-divider-separator\">\n\t\t\t\t\t\t<\/span>\n\t\t<\/div>\n\t\t\t\t\t\t<\/div>\n\t\t\t\t<\/div>\n\t\t\t\t<div class=\"elementor-element elementor-element-5f71b2ba elementor-widget__width-initial elementor-widget-tablet__width-inherit elementor-widget elementor-widget-text-editor\" data-id=\"5f71b2ba\" data-element_type=\"widget\" data-e-type=\"widget\" data-widget_type=\"text-editor.default\">\n\t\t\t\t<div class=\"elementor-widget-container\">\n\t\t\t\t\t\t\t\t\t<p>Nous sommes conscients de l&rsquo;importance <strong>de collaborateurs satisfaits<\/strong>, qui se consacrent avec passion et d\u00e9vouement \u00e0 des t\u00e2ches passionnantes et vari\u00e9es dans un environnement complexe. Il nous tient donc particuli\u00e8rement \u00e0 c\u0153ur de <strong>vouer de l&rsquo;estime \u00e0<\/strong> nos collaborateurs et d&rsquo;\u00e9tablir une <strong>collaboration \u00e0 long terme<\/strong>.<br\/><br class=\"a\"\/>En plus d&rsquo; <strong>horaires de travail flexibles<\/strong> et d&rsquo;une <strong>\u00e9quipe dynamique<\/strong> avec des coll\u00e8gues sympathiques, nous vous offrons \u00e9galement <strong>des espaces de cr\u00e9ation<\/strong> correspondants, <strong>des possibilit\u00e9s de formation continue<\/strong>, des <strong>compl\u00e9ments de salaire<\/strong>, des <strong>f\u00eates d&rsquo;entreprise annuelles<\/strong> et de nombreux avantages suppl\u00e9mentaires. Nous recherchons des personnes d\u00e9tenant des comp\u00e9tences techniques et d\u00e9sireuses faire bouger les choses avec enthousiasme et engagement.<br\/><br class=\"a\"\/>Aidez-nous \u00e0 modeler l&rsquo;avenir de K\u00d6BO ECO<span style=\"color: #e4003a;\">&gt;<\/span>PROCESS <strong>ensemble<\/strong> envoyez-nous votre candidature d\u00e8s aujourd&rsquo;hui, m\u00eame sous la forme d&rsquo;une candidature spontan\u00e9e&nbsp;!<\/p>\t\t\t\t\t\t\t\t<\/div>\n\t\t\t\t<\/div>\n\t\t\t\t<\/div>\n\t\t\t\t\t<\/div>\n\t\t\t\t<\/div>\n\t\t\t\t\t<\/div>\n\t\t\t\t<\/div>\n\t\t<div class=\"elementor-element elementor-element-ab1206d e-flex e-con-boxed e-con e-parent\" data-id=\"ab1206d\" data-element_type=\"container\" data-e-type=\"container\" data-settings=\"{&quot;background_background&quot;:&quot;classic&quot;}\">\n\t\t\t\t\t<div class=\"e-con-inner\">\n\t\t<div class=\"elementor-element elementor-element-5dc131e1 e-con-full e-flex e-con e-child\" data-id=\"5dc131e1\" data-element_type=\"container\" data-e-type=\"container\">\n\t\t<div class=\"elementor-element elementor-element-3eb393ed e-con-full e-flex e-con e-child\" data-id=\"3eb393ed\" data-element_type=\"container\" data-e-type=\"container\">\n\t\t\t\t<div class=\"elementor-element elementor-element-5865fb65 animated-slow elementor-widget elementor-widget-heading\" data-id=\"5865fb65\" data-element_type=\"widget\" data-e-type=\"widget\" data-settings=\"{&quot;_animation&quot;:&quot;none&quot;}\" data-widget_type=\"heading.default\">\n\t\t\t\t<div class=\"elementor-widget-container\">\n\t\t\t\t\t<h3 class=\"elementor-heading-title elementor-size-default\">Carri\u00e8re<\/h3>\t\t\t\t<\/div>\n\t\t\t\t<\/div>\n\t\t\t\t<div class=\"elementor-element elementor-element-423a194 animated-slow elementor-widget elementor-widget-heading\" data-id=\"423a194\" data-element_type=\"widget\" data-e-type=\"widget\" data-settings=\"{&quot;_animation&quot;:&quot;none&quot;}\" data-widget_type=\"heading.default\">\n\t\t\t\t<div class=\"elementor-widget-container\">\n\t\t\t\t\t<h1 class=\"elementor-heading-title elementor-size-default\">OFFRES D'EMPLOI ACTUELLES<\/h1>\t\t\t\t<\/div>\n\t\t\t\t<\/div>\n\t\t\t\t<div class=\"elementor-element elementor-element-12ef5978 elementor-widget elementor-widget-text-editor\" data-id=\"12ef5978\" data-element_type=\"widget\" data-e-type=\"widget\" data-settings=\"{&quot;_animation&quot;:&quot;none&quot;}\" data-widget_type=\"text-editor.default\">\n\t\t\t\t<div class=\"elementor-widget-container\">\n\t\t\t\t\t\t\t\t\t<p>Que vous soyez \u00e0 la recherche d&rsquo;un stage, d&rsquo;un emploi \u00e9tudiant ou que vous souhaitiez doter de votre expertise un nouveau poste exigeant, nous sommes impatients de vous conna\u00eetre.<br\/><br class=\"a\"\/>Notre \u00e9quipe de professionnels exp\u00e9riment\u00e9s vous accompagne tout au long de votre parcours et vous aide \u00e0 construire activement votre avenir professionnel.<\/p>\t\t\t\t\t\t\t\t<\/div>\n\t\t\t\t<\/div>\n\t\t\t\t<div class=\"elementor-element elementor-element-3d58234 elementor-icon-list--layout-traditional elementor-list-item-link-full_width elementor-widget elementor-widget-icon-list\" data-id=\"3d58234\" data-element_type=\"widget\" data-e-type=\"widget\" data-widget_type=\"icon-list.default\">\n\t\t\t\t<div class=\"elementor-widget-container\">\n\t\t\t\t\t\t\t<ul class=\"elementor-icon-list-items\">\n\t\t\t\t\t\t\t<li class=\"elementor-icon-list-item\">\n\t\t\t\t\t\t\t\t\t\t\t<a href=\"https:\/\/jobs.behg-ag.com\/29esk\" target=\"_blank\" rel=\"noopener\">\n\n\t\t\t\t\t\t\t\t\t\t\t\t<span class=\"elementor-icon-list-icon\">\n\t\t\t\t\t\t\t<i aria-hidden=\"true\" class=\"fas fa-chevron-right\"><\/i>\t\t\t\t\t\t<\/span>\n\t\t\t\t\t\t\t\t\t\t<span class=\"elementor-icon-list-text\">Candidature spontan\u00e9e<\/span>\n\t\t\t\t\t\t\t\t\t\t\t<\/a>\n\t\t\t\t\t\t\t\t\t<\/li>\n\t\t\t\t\t\t<\/ul>\n\t\t\t\t\t\t<\/div>\n\t\t\t\t<\/div>\n\t\t\t\t<div class=\"elementor-element elementor-element-2dfc01e elementor-widget elementor-widget-text-editor\" data-id=\"2dfc01e\" data-element_type=\"widget\" data-e-type=\"widget\" data-settings=\"{&quot;_animation&quot;:&quot;none&quot;}\" data-widget_type=\"text-editor.default\">\n\t\t\t\t<div class=\"elementor-widget-container\">\n\t\t\t\t\t\t\t\t\tD\u00e9couvrez vos possibilit\u00e9s professionnelles chez K\u00d6BO ECO<span style=\"color: #e4003a;\">&gt;<\/span>PROCESS GmbH et r\u00e9alisons ensemble vos r\u00eaves de carri\u00e8re.\t\t\t\t\t\t\t\t<\/div>\n\t\t\t\t<\/div>\n\t\t\t\t<\/div>\n\t\t<div class=\"elementor-element elementor-element-14137550 e-con-full e-flex e-con e-child\" data-id=\"14137550\" data-element_type=\"container\" data-e-type=\"container\">\n\t\t<div class=\"elementor-element elementor-element-5accd764 e-con-full e-flex e-con e-child\" data-id=\"5accd764\" data-element_type=\"container\" data-e-type=\"container\">\n\t\t\t\t<div class=\"elementor-element elementor-element-1364048e elementor-widget elementor-widget-image\" data-id=\"1364048e\" data-element_type=\"widget\" data-e-type=\"widget\" data-widget_type=\"image.default\">\n\t\t\t\t<div class=\"elementor-widget-container\">\n\t\t\t\t\t\t\t\t\t\t\t\t\t\t\t<img decoding=\"async\" src=\"https:\/\/www.koebo-eco.com\/wp-content\/uploads\/2025\/01\/karriere-aktuelle-stellenanzeigen2.webp\" title=\"karriere-aktuelle-stellenanzeigen2\" alt=\"karriere-aktuelle-stellenanzeigen2\" loading=\"lazy\" \/>\t\t\t\t\t\t\t\t\t\t\t\t\t\t\t<\/div>\n\t\t\t\t<\/div>\n\t\t\t\t<\/div>\n\t\t\t\t<\/div>\n\t\t\t\t<\/div>\n\t\t\t\t\t<\/div>\n\t\t\t\t<\/div>\n\t\t<div class=\"elementor-element elementor-element-78d1a91c e-flex e-con-boxed e-con e-parent\" data-id=\"78d1a91c\" data-element_type=\"container\" data-e-type=\"container\" data-settings=\"{&quot;background_background&quot;:&quot;classic&quot;}\">\n\t\t\t\t\t<div class=\"e-con-inner\">\n\t\t<div class=\"elementor-element elementor-element-36b6133b e-flex e-con-boxed e-con e-child\" data-id=\"36b6133b\" data-element_type=\"container\" data-e-type=\"container\">\n\t\t\t\t\t<div class=\"e-con-inner\">\n\t\t<div class=\"elementor-element elementor-element-3e1dae9e e-con-full e-flex e-con e-child\" data-id=\"3e1dae9e\" data-element_type=\"container\" data-e-type=\"container\">\n\t\t\t\t<div class=\"elementor-element elementor-element-6a8dcd62 elementor-widget-divider--view-line elementor-widget elementor-widget-divider\" data-id=\"6a8dcd62\" data-element_type=\"widget\" data-e-type=\"widget\" data-widget_type=\"divider.default\">\n\t\t\t\t<div class=\"elementor-widget-container\">\n\t\t\t\t\t\t\t<div class=\"elementor-divider\">\n\t\t\t<span class=\"elementor-divider-separator\">\n\t\t\t\t\t\t<\/span>\n\t\t<\/div>\n\t\t\t\t\t\t<\/div>\n\t\t\t\t<\/div>\n\t\t\t\t<div class=\"elementor-element elementor-element-3f69858f elementor-widget__width-initial elementor-widget-tablet__width-inherit elementor-widget elementor-widget-heading\" data-id=\"3f69858f\" data-element_type=\"widget\" data-e-type=\"widget\" data-widget_type=\"heading.default\">\n\t\t\t\t<div class=\"elementor-widget-container\">\n\t\t\t\t\t<h2 class=\"elementor-heading-title elementor-size-default\">Stage<\/h2>\t\t\t\t<\/div>\n\t\t\t\t<\/div>\n\t\t\t\t<div class=\"elementor-element elementor-element-7cc74382 elementor-widget-divider--view-line elementor-widget elementor-widget-divider\" data-id=\"7cc74382\" data-element_type=\"widget\" data-e-type=\"widget\" data-widget_type=\"divider.default\">\n\t\t\t\t<div class=\"elementor-widget-container\">\n\t\t\t\t\t\t\t<div class=\"elementor-divider\">\n\t\t\t<span class=\"elementor-divider-separator\">\n\t\t\t\t\t\t<\/span>\n\t\t<\/div>\n\t\t\t\t\t\t<\/div>\n\t\t\t\t<\/div>\n\t\t\t\t<div class=\"elementor-element elementor-element-28d61e0c elementor-widget__width-initial elementor-widget-tablet__width-inherit elementor-widget elementor-widget-text-editor\" data-id=\"28d61e0c\" data-element_type=\"widget\" data-e-type=\"widget\" data-widget_type=\"text-editor.default\">\n\t\t\t\t<div class=\"elementor-widget-container\">\n\t\t\t\t\t\t\t\t\t<p>Un stage offre aux \u00e9l\u00e8ves la possibilit\u00e9 de se pr\u00e9parer id\u00e9alement \u00e0 leur carri\u00e8re professionnelle.<br\/><br class=\"a\"\/>Ils re\u00e7oivent une premi\u00e8re motivation pour leur orientation professionnelle et un premier aper\u00e7u personnel du monde du travail.<br\/><br class=\"a\"\/>Pendant votre stage, vous soutiendrez notre \u00e9quipe et vous aurez un aper\u00e7u des processus techniques, organisationnels et de gestion.<\/p>\t\t\t\t\t\t\t\t<\/div>\n\t\t\t\t<\/div>\n\t\t\t\t<\/div>\n\t\t<div class=\"elementor-element elementor-element-90264a8 e-con-full e-flex e-con e-child\" data-id=\"90264a8\" data-element_type=\"container\" data-e-type=\"container\">\n\t\t\t\t<div class=\"elementor-element elementor-element-6f29f12 elementor-widget-divider--view-line elementor-widget elementor-widget-divider\" data-id=\"6f29f12\" data-element_type=\"widget\" data-e-type=\"widget\" data-widget_type=\"divider.default\">\n\t\t\t\t<div class=\"elementor-widget-container\">\n\t\t\t\t\t\t\t<div class=\"elementor-divider\">\n\t\t\t<span class=\"elementor-divider-separator\">\n\t\t\t\t\t\t<\/span>\n\t\t<\/div>\n\t\t\t\t\t\t<\/div>\n\t\t\t\t<\/div>\n\t\t\t\t<div class=\"elementor-element elementor-element-2f3e29a elementor-widget__width-initial elementor-widget-tablet__width-inherit elementor-widget elementor-widget-heading\" data-id=\"2f3e29a\" data-element_type=\"widget\" data-e-type=\"widget\" data-widget_type=\"heading.default\">\n\t\t\t\t<div class=\"elementor-widget-container\">\n\t\t\t\t\t<h2 class=\"elementor-heading-title elementor-size-default\">\u00c9tudiant salari\u00e9<\/h2>\t\t\t\t<\/div>\n\t\t\t\t<\/div>\n\t\t\t\t<div class=\"elementor-element elementor-element-f799bd6 elementor-widget-divider--view-line elementor-widget elementor-widget-divider\" data-id=\"f799bd6\" data-element_type=\"widget\" data-e-type=\"widget\" data-widget_type=\"divider.default\">\n\t\t\t\t<div class=\"elementor-widget-container\">\n\t\t\t\t\t\t\t<div class=\"elementor-divider\">\n\t\t\t<span class=\"elementor-divider-separator\">\n\t\t\t\t\t\t<\/span>\n\t\t<\/div>\n\t\t\t\t\t\t<\/div>\n\t\t\t\t<\/div>\n\t\t\t\t<div class=\"elementor-element elementor-element-4b2d4f2 elementor-widget__width-initial elementor-widget-tablet__width-inherit elementor-widget elementor-widget-text-editor\" data-id=\"4b2d4f2\" data-element_type=\"widget\" data-e-type=\"widget\" data-widget_type=\"text-editor.default\">\n\t\t\t\t<div class=\"elementor-widget-container\">\n\t\t\t\t\t\t\t\t\t<p>Vous souhaitez mettre en pratique et approfondir les connaissances acquises pendant vos \u00e9tudes dans un secteur en plein essor&nbsp;?<br\/><br class=\"a\"\/>K\u00d6BO ECO<span style=\"color: #e4003a;\">&gt;<\/span>PROCESS GmbH permet aux \u00e9tudiants engag\u00e9s de participer \u00e0 des projets passionnants dans le cadre d&rsquo;une activit\u00e9 d&rsquo;\u00e9tudiant salari\u00e9.<br\/><br class=\"a\"\/>Vous serez encadr\u00e9(e) par des experts exp\u00e9riment\u00e9s et acquerrez une exp\u00e9rience professionnelle pr\u00e9cieuse.<br\/><br class=\"a\"\/>Nous avons \u00e9veill\u00e9 votre curiosit\u00e9&nbsp;?<br\/><br class=\"a\"\/>Alors posez votre candidature en tant qu&rsquo;assistant \u00e9tudiant chez K\u00d6BO ECO&gt;PROCESS.<\/p>\t\t\t\t\t\t\t\t<\/div>\n\t\t\t\t<\/div>\n\t\t\t\t<\/div>\n\t\t<div class=\"elementor-element elementor-element-9a7bca2 e-con-full e-flex e-con e-child\" data-id=\"9a7bca2\" data-element_type=\"container\" data-e-type=\"container\">\n\t\t\t\t<div class=\"elementor-element elementor-element-4f307ba elementor-widget-divider--view-line elementor-widget elementor-widget-divider\" data-id=\"4f307ba\" data-element_type=\"widget\" data-e-type=\"widget\" data-widget_type=\"divider.default\">\n\t\t\t\t<div class=\"elementor-widget-container\">\n\t\t\t\t\t\t\t<div class=\"elementor-divider\">\n\t\t\t<span class=\"elementor-divider-separator\">\n\t\t\t\t\t\t<\/span>\n\t\t<\/div>\n\t\t\t\t\t\t<\/div>\n\t\t\t\t<\/div>\n\t\t\t\t<div class=\"elementor-element elementor-element-0246e3a elementor-widget__width-initial elementor-widget-tablet__width-inherit elementor-widget elementor-widget-heading\" data-id=\"0246e3a\" data-element_type=\"widget\" data-e-type=\"widget\" data-widget_type=\"heading.default\">\n\t\t\t\t<div class=\"elementor-widget-container\">\n\t\t\t\t\t<h2 class=\"elementor-heading-title elementor-size-default\">Recherche d'emploi<\/h2>\t\t\t\t<\/div>\n\t\t\t\t<\/div>\n\t\t\t\t<div class=\"elementor-element elementor-element-a56541d elementor-widget-divider--view-line elementor-widget elementor-widget-divider\" data-id=\"a56541d\" data-element_type=\"widget\" data-e-type=\"widget\" data-widget_type=\"divider.default\">\n\t\t\t\t<div class=\"elementor-widget-container\">\n\t\t\t\t\t\t\t<div class=\"elementor-divider\">\n\t\t\t<span class=\"elementor-divider-separator\">\n\t\t\t\t\t\t<\/span>\n\t\t<\/div>\n\t\t\t\t\t\t<\/div>\n\t\t\t\t<\/div>\n\t\t\t\t<div class=\"elementor-element elementor-element-73f4afa elementor-widget__width-initial elementor-widget-tablet__width-inherit elementor-widget elementor-widget-text-editor\" data-id=\"73f4afa\" data-element_type=\"widget\" data-e-type=\"widget\" data-widget_type=\"text-editor.default\">\n\t\t\t\t<div class=\"elementor-widget-container\">\n\t\t\t\t\t\t\t\t\t<p>Vous \u00eates \u00e0 la recherche d&rsquo;un nouveau d\u00e9fi dans une entreprise orient\u00e9e vers l&rsquo;avenir et dot\u00e9e d&rsquo;une hi\u00e9rarchie horizontale&nbsp;?<br\/><br class=\"a\"\/>Au sein de la soci\u00e9t\u00e9 K\u00d6BO ECO<span style=\"color: #e4003a;\">&gt;<\/span>PROCESS GmbH, nous vous offrons des opportunit\u00e9s passionnantes dans un environnement international vari\u00e9.<br\/><br class=\"a\"\/>Notre entreprise attache de l&rsquo;importance aux collaborateurs qui souhaitent participer activement \u00e0 la construction de l&rsquo;avenir de notre entreprise, passion et connaissances professionnelles \u00e0 l&rsquo;appui, et qui sont int\u00e9ress\u00e9s par un emploi \u00e0 long terme. Que vous ayez d\u00e9j\u00e0 de l&rsquo;exp\u00e9rience dans le secteur ou que vous d\u00e9butiez dans la vie professionnelle, vous trouverez chez nous un environnement qui \u00e9largira vos horizons et vous inspirera pour atteindre de nouveaux sommets.<br\/><br class=\"a\"\/>Rejoignez notre \u00e9quipe et construisez avec nous l&rsquo;avenir de nos syst\u00e8mes techniques de convoyage et de filtration.<\/p>\t\t\t\t\t\t\t\t<\/div>\n\t\t\t\t<\/div>\n\t\t\t\t<\/div>\n\t\t\t\t\t<\/div>\n\t\t\t\t<\/div>\n\t\t\t\t\t<\/div>\n\t\t\t\t<\/div>\n\t\t\t\t<\/div>\n\t\t","protected":false},"excerpt":{"rendered":"<p>D\u00e9marrez en fl\u00e8che Nous nous engageons non seulement \u00e0 d\u00e9velopper des technologies d&rsquo;avant-garde, mais aussi \u00e0 encourager les talents Notre ressource la plus pr\u00e9cieuse est notre personnel Nous sommes conscients de l&rsquo;importance de collaborateurs satisfaits, qui se consacrent avec passion et d\u00e9vouement \u00e0 des t\u00e2ches passionnantes et vari\u00e9es dans un environnement complexe. Il nous tient&hellip; <a class=\"more-link\" href=\"https:\/\/www.koebo-eco.com\/fr\/societe\/carriere\/\">Poursuivre la lecture <span class=\"screen-reader-text\">Carri\u00e8re<\/span><\/a><\/p>\n","protected":false},"author":1,"featured_media":0,"parent":26100,"menu_order":2,"comment_status":"closed","ping_status":"closed","template":"elementor_header_footer","meta":{"footnotes":""},"folder":[36],"class_list":["post-26137","page","type-page","status-publish","hentry","entry"],"_links":{"self":[{"href":"https:\/\/www.koebo-eco.com\/fr\/wp-json\/wp\/v2\/pages\/26137","targetHints":{"allow":["GET"]}}],"collection":[{"href":"https:\/\/www.koebo-eco.com\/fr\/wp-json\/wp\/v2\/pages"}],"about":[{"href":"https:\/\/www.koebo-eco.com\/fr\/wp-json\/wp\/v2\/types\/page"}],"author":[{"embeddable":true,"href":"https:\/\/www.koebo-eco.com\/fr\/wp-json\/wp\/v2\/users\/1"}],"replies":[{"embeddable":true,"href":"https:\/\/www.koebo-eco.com\/fr\/wp-json\/wp\/v2\/comments?post=26137"}],"version-history":[{"count":2,"href":"https:\/\/www.koebo-eco.com\/fr\/wp-json\/wp\/v2\/pages\/26137\/revisions"}],"predecessor-version":[{"id":26417,"href":"https:\/\/www.koebo-eco.com\/fr\/wp-json\/wp\/v2\/pages\/26137\/revisions\/26417"}],"up":[{"embeddable":true,"href":"https:\/\/www.koebo-eco.com\/fr\/wp-json\/wp\/v2\/pages\/26100"}],"wp:attachment":[{"href":"https:\/\/www.koebo-eco.com\/fr\/wp-json\/wp\/v2\/media?parent=26137"}],"wp:term":[{"taxonomy":"folder","embeddable":true,"href":"https:\/\/www.koebo-eco.com\/fr\/wp-json\/wp\/v2\/folder?post=26137"}],"curies":[{"name":"wp","href":"https:\/\/api.w.org\/{rel}","templated":true}]}}